{"id":289,"date":"2021-05-08T12:52:09","date_gmt":"2021-05-08T12:52:09","guid":{"rendered":"https:\/\/digging-for-life.net\/?page_id=289"},"modified":"2022-08-03T14:28:58","modified_gmt":"2022-08-03T14:28:58","slug":"material","status":"publish","type":"page","link":"https:\/\/digging-for-life.net\/?page_id=289","title":{"rendered":"&#8211; alt &#8211; Material u T-Shirts"},"content":{"rendered":"\n<p>Hier findest du unser Plakat und unseren Flyer zum Runterladen<\/p>\n\n\n\n<div class=\"wp-block-columns is-layout-flex wp-container-core-columns-is-layout-9d6595d7 wp-block-columns-is-layout-flex\">\n<div class=\"wp-block-column is-layout-flow wp-block-column-is-layout-flow\" style=\"flex-basis:66.66%\">\n<ul class=\"wp-block-list\"><li><a rel=\"noreferrer noopener\" href=\"https:\/\/digging-for-life.net\/wp-content\/uploads\/2021\/05\/pink-shovel-gross-scaled.jpg\" data-type=\"URL\" data-id=\"https:\/\/digging-for-life.net\/wp-content\/uploads\/2021\/05\/pink-shovel-gross-scaled.jpg\" target=\"_blank\">Plakat DinA 3 &#8222;Digging for life&#8220;<\/a><br>jpg-Datei    Dateigr\u00f6\u00dfe ca 43 MB             <\/li><\/ul>\n\n\n\n<ul class=\"wp-block-list\"><li><a rel=\"noreferrer noopener\" href=\"https:\/\/digging-for-life.net\/wp-content\/uploads\/2021\/05\/pink-shovel-klein-scaled.jpg\" data-type=\"URL\" data-id=\"https:\/\/digging-for-life.net\/wp-content\/uploads\/2021\/05\/pink-shovel-klein-scaled.jpg\" target=\"_blank\">Plakat DinA 4 &#8222;Digging for life&#8220;<\/a><br>jpg-Datei    Dateigr\u00f6\u00dfe ca 11 MB<\/li><li><a rel=\"noreferrer noopener\" href=\"https:\/\/digging-for-life.net\/wp-content\/uploads\/2021\/05\/pink-shovel-303kb.jpg\" data-type=\"URL\" data-id=\"https:\/\/digging-for-life.net\/wp-content\/uploads\/2021\/05\/pink-shovel-303kb.jpg\" target=\"_blank\">Plakat f\u00fcr web &#8222;Digging for life&#8220;<\/a><br>jpg-Datei   Dateigr\u00f6\u00dfe ca 300 kB<\/li><\/ul>\n\n\n\n<p><\/p>\n\n\n\n<p><\/p>\n\n\n\n<ul class=\"wp-block-list\"><li><a rel=\"noreferrer noopener\" href=\"https:\/\/digging-for-life.net\/wp-content\/uploads\/2021\/05\/Flyer-digging-for-life-DinA5.pdf\" data-type=\"URL\" data-id=\"https:\/\/digging-for-life.net\/wp-content\/uploads\/2021\/05\/Flyer-digging-for-life-DinA5.pdf\" target=\"_blank\">Flyer DinA5 &#8222;Digging for life&#8220;<\/a><br>pdf-Datei   Dateigr\u00f6\u00dfe ca 750 kB <\/li><li><a rel=\"noreferrer noopener\" href=\"https:\/\/digging-for-life.net\/wp-content\/uploads\/2021\/05\/Flyer-digging-for-life-DinA4.pdf\" data-type=\"URL\" data-id=\"https:\/\/digging-for-life.net\/wp-content\/uploads\/2021\/05\/Flyer-digging-for-life-DinA4.pdf\" target=\"_blank\">Flyer DinA5 auf DinA4 &#8222;Digging for life&#8220;<\/a><br>pdf-Datei   Dateigr\u00f6\u00dfe ca 750 kB<br>zum Ausdrucken und Schneiden von DinA4-Papier<\/li><\/ul>\n<\/div>\n\n\n\n<div class=\"wp-block-column is-layout-flow wp-block-column-is-layout-flow\" style=\"flex-basis:33.33%\">\n<figure class=\"wp-block-image size-large\"><img loading=\"lazy\" decoding=\"async\" width=\"579\" height=\"788\" src=\"https:\/\/digging-for-life.net\/wp-content\/uploads\/2021\/05\/pink-shovel-website.jpg\" alt=\"\" class=\"wp-image-322\" srcset=\"https:\/\/digging-for-life.net\/wp-content\/uploads\/2021\/05\/pink-shovel-website.jpg 579w, https:\/\/digging-for-life.net\/wp-content\/uploads\/2021\/05\/pink-shovel-website-220x300.jpg 220w\" sizes=\"auto, (max-width: 579px) 100vw, 579px\" \/><\/figure>\n<\/div>\n<\/div>\n\n\n\n<h2 class=\"wp-block-heading\">T-Shirts<\/h2>\n\n\n\n<p>Wir haben ein T-Shirt zur Aktionsidee layoutet, das wir dir auf der Vorder- und R\u00fcckseite selbst bedrucken. Das T-Shirt gibt es in 2 Farben und kann hier bestellt werden.<\/p>\n\n\n\n<div class=\"wp-block-columns is-layout-flex wp-container-core-columns-is-layout-9d6595d7 wp-block-columns-is-layout-flex\">\n<div class=\"wp-block-column is-layout-flow wp-block-column-is-layout-flow\">\n<figure class=\"wp-block-image size-large\"><img loading=\"lazy\" decoding=\"async\" width=\"768\" height=\"1024\" src=\"https:\/\/digging-for-life.net\/wp-content\/uploads\/2021\/06\/pink-768x1024.jpg\" alt=\"\" class=\"wp-image-365\" srcset=\"https:\/\/digging-for-life.net\/wp-content\/uploads\/2021\/06\/pink-768x1024.jpg 768w, https:\/\/digging-for-life.net\/wp-content\/uploads\/2021\/06\/pink-225x300.jpg 225w, https:\/\/digging-for-life.net\/wp-content\/uploads\/2021\/06\/pink-1152x1536.jpg 1152w, https:\/\/digging-for-life.net\/wp-content\/uploads\/2021\/06\/pink-1536x2048.jpg 1536w, https:\/\/digging-for-life.net\/wp-content\/uploads\/2021\/06\/pink.jpg 1595w\" sizes=\"auto, (max-width: 768px) 100vw, 768px\" \/><figcaption>Bright Pink<\/figcaption><\/figure>\n<\/div>\n\n\n\n<div class=\"wp-block-column is-layout-flow wp-block-column-is-layout-flow\">\n<figure class=\"wp-block-image size-large\"><img loading=\"lazy\" decoding=\"async\" width=\"768\" height=\"1024\" src=\"https:\/\/digging-for-life.net\/wp-content\/uploads\/2021\/06\/schwarz-768x1024.jpg\" alt=\"\" class=\"wp-image-364\" srcset=\"https:\/\/digging-for-life.net\/wp-content\/uploads\/2021\/06\/schwarz-768x1024.jpg 768w, https:\/\/digging-for-life.net\/wp-content\/uploads\/2021\/06\/schwarz-225x300.jpg 225w, https:\/\/digging-for-life.net\/wp-content\/uploads\/2021\/06\/schwarz-1152x1536.jpg 1152w, https:\/\/digging-for-life.net\/wp-content\/uploads\/2021\/06\/schwarz-1536x2048.jpg 1536w, https:\/\/digging-for-life.net\/wp-content\/uploads\/2021\/06\/schwarz.jpg 1585w\" sizes=\"auto, (max-width: 768px) 100vw, 768px\" \/><figcaption>Schwarz<\/figcaption><\/figure>\n<\/div>\n\n\n\n<div class=\"wp-block-column is-layout-flow wp-block-column-is-layout-flow\">\n<figure class=\"wp-block-image size-large\"><img loading=\"lazy\" decoding=\"async\" width=\"768\" height=\"1024\" src=\"https:\/\/digging-for-life.net\/wp-content\/uploads\/2021\/06\/Rueckseite-768x1024.jpg\" alt=\"\" class=\"wp-image-368\" srcset=\"https:\/\/digging-for-life.net\/wp-content\/uploads\/2021\/06\/Rueckseite-768x1024.jpg 768w, https:\/\/digging-for-life.net\/wp-content\/uploads\/2021\/06\/Rueckseite-225x300.jpg 225w, https:\/\/digging-for-life.net\/wp-content\/uploads\/2021\/06\/Rueckseite-1152x1536.jpg 1152w, https:\/\/digging-for-life.net\/wp-content\/uploads\/2021\/06\/Rueckseite-1536x2048.jpg 1536w, https:\/\/digging-for-life.net\/wp-content\/uploads\/2021\/06\/Rueckseite-scaled.jpg 1920w\" sizes=\"auto, (max-width: 768px) 100vw, 768px\" \/><figcaption>Text von M.L. King auf der R\u00fcckseite<\/figcaption><\/figure>\n<\/div>\n<\/div>\n\n\n\n<p><strong>Die T-Shirts sind von der Firma EarthPositive<\/strong>: Klimafreundliche T-Shirts, \u00f6kologisch und unter ethischen Gesichtspunkten ausschlie\u00dflich mittels erneuerbarer Energie aus Wind- und Solarkraft hergestellt. Dadurch ist es gelungen die CO2-Emissionen bei der Herstellung um 90% zu reduzieren. EarthPositive ist ein 100% biologisches Produkt zertifiziert von der Control Union und The Soil Association. Unter dem Global Organic TextileStandard (GOTS) werden B\u00e4uerinnen und Bauern und Feldarbeiter:innen gesch\u00fctzt \u2013 durch strenge soziale Kriterien und durch das Nutzungsverbot giftiger Chemikalien, die die Gesundheit der B\u00e4uer:innen und ihrer Familien schwer beeintr\u00e4chtigen k\u00f6nnen. Die Arbeitsbedingungen werden von der Fair Wear Foundation \u00fcberwacht.<\/p>\n\n\n\n<p><strong>Gr\u00f6\u00dfen und Ma\u00dfe:<\/strong> Die T-Shirts gibt es in den Gr\u00f6\u00dfen von XS bis 5XL<\/p>\n\n\n\n<figure class=\"wp-block-table\"><table><thead><tr><td>Gr\u00f6\u00dfe<\/td><td>Breite<\/td><td>H\u00f6he<\/td><\/tr><\/thead><tbody><tr><td>XS<\/td><td>48<\/td><td>68<\/td><\/tr><tr><td>S<\/td><td>50<\/td><td>70<\/td><\/tr><tr><td>M<\/td><td>53<\/td><td>72<\/td><\/tr><tr><td>L<\/td><td>56<\/td><td>74<\/td><\/tr><tr><td>XL<\/td><td>60<\/td><td>76<\/td><\/tr><tr><td>XXL<\/td><td>64<\/td><td>78<\/td><\/tr><tr><td>3XL<\/td><td>68<\/td><td>80<\/td><\/tr><tr><td>4XL<\/td><td>72<\/td><td>82<\/td><\/tr><tr><td>5XL<\/td><td>76<\/td><td>84<\/td><\/tr><\/tbody><\/table><\/figure>\n\n\n\n<p><strong>Preis: <\/strong>Die T-Shirts kosten uns 11 \u20ac an Materialkosten (Arbeitszeit Energie- und Werkzeugkosten nicht eingerechnet). Bitte bezahle den Preis, den du f\u00fcr angemessen h\u00e4ltst und den du dir leisten kannst und willst. Ein mehr oder ein weniger ist also absolut willkommen. <strong>Bestellungen k\u00f6nnen wegen der langen Lieferfristen nur bis 06.07.2021 angenommen werden<\/strong>.<\/p>\n\n\n\n<p><strong>Bestelle hier:<\/strong><\/p>\n\n\n\n<div class=\"wpcf7 no-js\" id=\"wpcf7-f372-o1\" lang=\"de-DE\" dir=\"ltr\" data-wpcf7-id=\"372\">\n<div class=\"screen-reader-response\"><p role=\"status\" aria-live=\"polite\" aria-atomic=\"true\"><\/p> <ul><\/ul><\/div>\n<form action=\"\/index.php?rest_route=%2Fwp%2Fv2%2Fpages%2F289#wpcf7-f372-o1\" method=\"post\" class=\"wpcf7-form init\" aria-label=\"Kontaktformular\" novalidate=\"novalidate\" data-status=\"init\">\n<fieldset class=\"hidden-fields-container\"><input type=\"hidden\" name=\"_wpcf7\" value=\"372\" \/><input type=\"hidden\" name=\"_wpcf7_version\" value=\"6.1.5\" \/><input type=\"hidden\" name=\"_wpcf7_locale\" value=\"de_DE\" \/><input type=\"hidden\" name=\"_wpcf7_unit_tag\" value=\"wpcf7-f372-o1\" \/><input type=\"hidden\" name=\"_wpcf7_container_post\" value=\"0\" \/><input type=\"hidden\" name=\"_wpcf7_posted_data_hash\" value=\"\" \/>\n<\/fieldset>\n<p><label> Dein Name<br \/>\n<span class=\"wpcf7-form-control-wrap\" data-name=\"your-name\"><input size=\"40\" maxlength=\"400\" class=\"wpcf7-form-control wpcf7-text wpcf7-validates-as-required\" aria-required=\"true\" aria-invalid=\"false\" value=\"\" type=\"text\" name=\"your-name\" \/><\/span> <\/label>\n<\/p>\n<p><label> Deine E-Mail-Adresse<br \/>\n<span class=\"wpcf7-form-control-wrap\" data-name=\"your-email\"><input size=\"40\" maxlength=\"400\" class=\"wpcf7-form-control wpcf7-email wpcf7-validates-as-required wpcf7-text wpcf7-validates-as-email\" aria-required=\"true\" aria-invalid=\"false\" value=\"\" type=\"email\" name=\"your-email\" \/><\/span> <\/label>\n<\/p>\n<p><label> Farbe ?<\/label><span class=\"wpcf7-form-control-wrap\" data-name=\"radio-708\"><span class=\"wpcf7-form-control wpcf7-radio\"><span class=\"wpcf7-list-item first\"><label><input type=\"radio\" name=\"radio-708\" value=\"Pink\" checked=\"checked\" \/><span class=\"wpcf7-list-item-label\">Pink<\/span><\/label><\/span><span class=\"wpcf7-list-item last\"><label><input type=\"radio\" name=\"radio-708\" value=\"Schwarz\" \/><span class=\"wpcf7-list-item-label\">Schwarz<\/span><\/label><\/span><\/span><\/span><br \/>\n<label> Gr\u00f6\u00dfe ?<\/label><span class=\"wpcf7-form-control-wrap\" data-name=\"menu-260\"><select class=\"wpcf7-form-control wpcf7-select wpcf7-validates-as-required\" aria-required=\"true\" aria-invalid=\"false\" multiple=\"multiple\" name=\"menu-260[]\"><option value=\"XS\">XS<\/option><option value=\"S\">S<\/option><option value=\"M\">M<\/option><option value=\"L\">L<\/option><option value=\"XL\">XL<\/option><option value=\"XXL\">XXL<\/option><option value=\"3XL\">3XL<\/option><option value=\"4XL\">4XL<\/option><option value=\"5XL\">5XL<\/option><\/select><\/span><br \/>\n<label> Anzahl ?<\/label><span class=\"wpcf7-form-control-wrap\" data-name=\"number-810\"><input class=\"wpcf7-form-control wpcf7-number wpcf7-validates-as-required wpcf7-validates-as-number\" min=\"1\" max=\"10\" aria-required=\"true\" aria-invalid=\"false\" value=\"\" type=\"number\" name=\"number-810\" \/><\/span>\n<\/p>\n<p><label> Wie m\u00f6chtest du bezahlen ?<\/label><br \/>\n<span class=\"wpcf7-form-control-wrap\" data-name=\"checkbox-299\"><span class=\"wpcf7-form-control wpcf7-checkbox wpcf7-validates-as-required\"><span class=\"wpcf7-list-item first\"><label><input type=\"checkbox\" name=\"checkbox-299[]\" value=\"Bezahlen per \u00dcberweisung\" \/><span class=\"wpcf7-list-item-label\">Bezahlen per \u00dcberweisung<\/span><\/label><\/span><span class=\"wpcf7-list-item last\"><label><input type=\"checkbox\" name=\"checkbox-299[]\" value=\"Bezahlen vor Ort im PeaceCamp\" \/><span class=\"wpcf7-list-item-label\">Bezahlen vor Ort im PeaceCamp<\/span><\/label><\/span><\/span><\/span>\n<\/p>\n<p><label> Wie m\u00f6chtest du das T-Shirt erhalten?<\/label><br \/>\n<span class=\"wpcf7-form-control-wrap\" data-name=\"checkbox-728\"><span class=\"wpcf7-form-control wpcf7-checkbox wpcf7-validates-as-required\"><span class=\"wpcf7-list-item first\"><label><input type=\"checkbox\" name=\"checkbox-728[]\" value=\"Versand nach DE (mit DHL +4,99 Euro)\" \/><span class=\"wpcf7-list-item-label\">Versand nach DE (mit DHL +4,99 Euro)<\/span><\/label><\/span><span class=\"wpcf7-list-item last\"><label><input type=\"checkbox\" name=\"checkbox-728[]\" value=\"\u00dcbergabe im Peace-Camp\" \/><span class=\"wpcf7-list-item-label\">\u00dcbergabe im Peace-Camp<\/span><\/label><\/span><\/span><\/span>\n<\/p>\n<p><label> Deine Nachricht (optional)<br \/>\n<span class=\"wpcf7-form-control-wrap\" data-name=\"your-message\"><textarea cols=\"40\" rows=\"10\" maxlength=\"2000\" class=\"wpcf7-form-control wpcf7-textarea\" aria-invalid=\"false\" name=\"your-message\"><\/textarea><\/span> <\/label>\n<\/p>\n<p><input class=\"wpcf7-form-control wpcf7-submit has-spinner\" type=\"submit\" value=\"Senden\" \/>\n<\/p><div class=\"wpcf7-response-output\" aria-hidden=\"true\"><\/div>\n<\/form>\n<\/div>\n\n","protected":false},"excerpt":{"rendered":"<p>Hier findest du unser Plakat und unseren Flyer zum Runterladen Plakat DinA 3 &#8222;Digging for life&#8220;jpg-Datei Dateigr\u00f6\u00dfe ca 43 MB Plakat DinA 4 &#8222;Digging for life&#8220;jpg-Datei Dateigr\u00f6\u00dfe ca 11 MB Plakat f\u00fcr web &#8222;Digging for life&#8220;jpg-Datei Dateigr\u00f6\u00dfe ca 300 kB Flyer DinA5 &#8222;Digging for life&#8220;pdf-Datei Dateigr\u00f6\u00dfe ca 750 kB Flyer DinA5 auf DinA4 &#8222;Digging for&hellip;&nbsp;<a href=\"https:\/\/digging-for-life.net\/?page_id=289\" class=\"\" rel=\"bookmark\">Weiterlesen &raquo;<span class=\"screen-reader-text\">&#8211; alt &#8211; Material u T-Shirts<\/span><\/a><\/p>\n","protected":false},"author":1,"featured_media":0,"parent":0,"menu_order":0,"comment_status":"closed","ping_status":"closed","template":"","meta":{"neve_meta_sidebar":"full-width","neve_meta_container":"","neve_meta_enable_content_width":"on","neve_meta_content_width":100,"neve_meta_title_alignment":"","neve_meta_author_avatar":"","neve_post_elements_order":"","neve_meta_disable_header":"","neve_meta_disable_footer":"","neve_meta_disable_title":"","footnotes":""},"class_list":["post-289","page","type-page","status-publish","hentry"],"_links":{"self":[{"href":"https:\/\/digging-for-life.net\/index.php?rest_route=\/wp\/v2\/pages\/289","targetHints":{"allow":["GET"]}}],"collection":[{"href":"https:\/\/digging-for-life.net\/index.php?rest_route=\/wp\/v2\/pages"}],"about":[{"href":"https:\/\/digging-for-life.net\/index.php?rest_route=\/wp\/v2\/types\/page"}],"author":[{"embeddable":true,"href":"https:\/\/digging-for-life.net\/index.php?rest_route=\/wp\/v2\/users\/1"}],"replies":[{"embeddable":true,"href":"https:\/\/digging-for-life.net\/index.php?rest_route=%2Fwp%2Fv2%2Fcomments&post=289"}],"version-history":[{"count":19,"href":"https:\/\/digging-for-life.net\/index.php?rest_route=\/wp\/v2\/pages\/289\/revisions"}],"predecessor-version":[{"id":493,"href":"https:\/\/digging-for-life.net\/index.php?rest_route=\/wp\/v2\/pages\/289\/revisions\/493"}],"wp:attachment":[{"href":"https:\/\/digging-for-life.net\/index.php?rest_route=%2Fwp%2Fv2%2Fmedia&parent=289"}],"curies":[{"name":"wp","href":"https:\/\/api.w.org\/{rel}","templated":true}]}}