{"id":458,"date":"2021-09-23T08:40:10","date_gmt":"2021-09-23T08:40:10","guid":{"rendered":"https:\/\/digging-for-life.net\/?page_id=458"},"modified":"2022-08-05T12:59:51","modified_gmt":"2022-08-05T12:59:51","slug":"buechel-2021","status":"publish","type":"page","link":"https:\/\/digging-for-life.net\/?page_id=458","title":{"rendered":"B\u00fcchel 2021"},"content":{"rendered":"\n<p class=\"has-neve-link-color-color has-neve-link-hover-color-background-color has-text-color has-background\"><strong>Stoppt die n\u00e4chste Katastrophe \u2013 Atomwaffen abschaffen!<\/strong> <strong> Stop the next catastrophe: No Nukes!  Gewaltfreie Aktion am Atomwaffenstandort B\u00fcchel am 19. Juli 2021<\/strong> <\/p>\n\n\n\n<div class=\"wp-block-columns is-layout-flex wp-container-core-columns-is-layout-9d6595d7 wp-block-columns-is-layout-flex\">\n<div class=\"wp-block-column is-layout-flow wp-block-column-is-layout-flow\"><div class=\"wp-block-image\">\n<figure class=\"aligncenter is-resized\"><img loading=\"lazy\" decoding=\"async\" src=\"https:\/\/digging-for-life.net\/wp-content\/uploads\/2021\/05\/pink-shovel-303kb-1.jpg\" alt=\"\" class=\"wp-image-355\" width=\"439\" height=\"597\" srcset=\"https:\/\/digging-for-life.net\/wp-content\/uploads\/2021\/05\/pink-shovel-303kb-1.jpg 640w, https:\/\/digging-for-life.net\/wp-content\/uploads\/2021\/05\/pink-shovel-303kb-1-220x300.jpg 220w\" sizes=\"auto, (max-width: 439px) 100vw, 439px\" \/><\/figure>\n<\/div><\/div>\n\n\n\n<div class=\"wp-block-column is-layout-flow wp-block-column-is-layout-flow\"><div class=\"wp-block-image\">\n<figure class=\"aligncenter size-large\"><img loading=\"lazy\" decoding=\"async\" width=\"1024\" height=\"768\" src=\"https:\/\/digging-for-life.net\/wp-content\/uploads\/2021\/07\/a-gut20210719_115939-1024x768.jpg\" alt=\"\" class=\"wp-image-430\" srcset=\"https:\/\/digging-for-life.net\/wp-content\/uploads\/2021\/07\/a-gut20210719_115939-1024x768.jpg 1024w, https:\/\/digging-for-life.net\/wp-content\/uploads\/2021\/07\/a-gut20210719_115939-300x225.jpg 300w, https:\/\/digging-for-life.net\/wp-content\/uploads\/2021\/07\/a-gut20210719_115939-768x576.jpg 768w, https:\/\/digging-for-life.net\/wp-content\/uploads\/2021\/07\/a-gut20210719_115939-1536x1152.jpg 1536w, https:\/\/digging-for-life.net\/wp-content\/uploads\/2021\/07\/a-gut20210719_115939-2048x1536.jpg 2048w\" sizes=\"auto, (max-width: 1024px) 100vw, 1024px\" \/><\/figure>\n<\/div><\/div>\n<\/div>\n\n\n\n<div class=\"wp-block-columns is-layout-flex wp-container-core-columns-is-layout-9d6595d7 wp-block-columns-is-layout-flex\">\n<div class=\"wp-block-column is-layout-flow wp-block-column-is-layout-flow\" style=\"flex-basis:100%\">\n<div class=\"wp-block-columns is-layout-flex wp-container-core-columns-is-layout-9d6595d7 wp-block-columns-is-layout-flex\">\n<div class=\"wp-block-column is-layout-flow wp-block-column-is-layout-flow\">\n<p>In den Tagen vor unserem Aktionstag begann die Hochwasserkatastrophe, auch in direkter N\u00e4he im Ahrtal. Wir haben uns deshalb entschlossen, vom 15. bis 18. Juli keinen Zivilen Ungehorsam zu leisten und teilten dies auch der Polizei und der Bundeswehr mit.<\/p>\n\n\n\n<p>Im Angesicht der Klimakatastrophe, welche auch durch den CO2-Aussto\u00df des Milit\u00e4rs mit verursacht wird (1 Flugstunde eines Tornados &gt; 12 Tonnen CO2), k\u00f6nnen wir aber nicht verstummen und sind berufen, vor der nuklearen Katastrophe welche in B\u00fcchel vorbereitet wird, zu warnen. <\/p>\n\n\n\n<p>So begannen am Montag, 19. Juli 2021 sechs Friedensaktivist*innen aus den USA, Niederlanden und Deutschland im Rahmen einer gewaltfreien Aktion unter dem Motto \u201eStop the next catastrophe: No Nukes! Stoppt die n\u00e4chste Katastrophe \u2013 Atomwaffen abschaffen!\u201c die Grabungen f\u00fcr einen Tunnel. Ziel war es, so auf die Startbahn des Fliegerhorsts B\u00fcchel zu gelangen, um den Flugbetrieb zu stoppen. Begleitet wurden sie von mehreren Unterst\u00fctzer*innen mit Bannern, die ihre Aktion mit Liedern und kurzen Ansprachen verst\u00e4rkten.<\/p>\n\n\n\n<p>Drei der Aktivisteninnen haben auch nach der dritten Aufforderung der Polizei, die Arbeit einzustellen, ruhig weitergegraben und wurden nach Feststellung der Personalien zur Polizeistation Cochem verbracht und dort freigelassen. Die Bundeswehr hat gegen die vier Personen im Impressum dieser Website (Verantwortliche im Sinne des Presserechts) Strafantrag gestellt wegen \u00f6ffentlicher Aufforderung zu Straftaten.<\/p>\n<\/div>\n\n\n\n<div class=\"wp-block-column is-layout-flow wp-block-column-is-layout-flow\">\n<figure class=\"wp-block-image size-large\"><img loading=\"lazy\" decoding=\"async\" width=\"1024\" height=\"768\" src=\"https:\/\/digging-for-life.net\/wp-content\/uploads\/2021\/07\/d-p7190037_51322092044_o-1024x768.jpg\" alt=\"\" class=\"wp-image-417\" srcset=\"https:\/\/digging-for-life.net\/wp-content\/uploads\/2021\/07\/d-p7190037_51322092044_o-1024x768.jpg 1024w, https:\/\/digging-for-life.net\/wp-content\/uploads\/2021\/07\/d-p7190037_51322092044_o-300x225.jpg 300w, https:\/\/digging-for-life.net\/wp-content\/uploads\/2021\/07\/d-p7190037_51322092044_o-768x576.jpg 768w, https:\/\/digging-for-life.net\/wp-content\/uploads\/2021\/07\/d-p7190037_51322092044_o-1536x1152.jpg 1536w, https:\/\/digging-for-life.net\/wp-content\/uploads\/2021\/07\/d-p7190037_51322092044_o-2048x1536.jpg 2048w\" sizes=\"auto, (max-width: 1024px) 100vw, 1024px\" \/><\/figure>\n\n\n\n<figure class=\"wp-block-image size-large\"><img loading=\"lazy\" decoding=\"async\" width=\"1024\" height=\"768\" src=\"https:\/\/digging-for-life.net\/wp-content\/uploads\/2021\/07\/e-p7190064_51322347985_o-1024x768.jpg\" alt=\"\" class=\"wp-image-428\" srcset=\"https:\/\/digging-for-life.net\/wp-content\/uploads\/2021\/07\/e-p7190064_51322347985_o-1024x768.jpg 1024w, https:\/\/digging-for-life.net\/wp-content\/uploads\/2021\/07\/e-p7190064_51322347985_o-300x225.jpg 300w, https:\/\/digging-for-life.net\/wp-content\/uploads\/2021\/07\/e-p7190064_51322347985_o-768x576.jpg 768w, https:\/\/digging-for-life.net\/wp-content\/uploads\/2021\/07\/e-p7190064_51322347985_o-1536x1152.jpg 1536w, https:\/\/digging-for-life.net\/wp-content\/uploads\/2021\/07\/e-p7190064_51322347985_o-2048x1536.jpg 2048w\" sizes=\"auto, (max-width: 1024px) 100vw, 1024px\" \/><\/figure>\n<\/div>\n<\/div>\n<\/div>\n<\/div>\n\n\n\n<h2 class=\"has-neve-link-color-color has-nv-c-2-background-color has-text-color has-background has-x-large-font-size wp-block-heading\">Presse<\/h2>\n\n\n\n<div class=\"wp-block-media-text alignwide has-media-on-the-right is-stacked-on-mobile\" style=\"grid-template-columns:auto 48%\"><figure class=\"wp-block-media-text__media\"><img loading=\"lazy\" decoding=\"async\" width=\"1024\" height=\"768\" src=\"https:\/\/digging-for-life.net\/wp-content\/uploads\/2021\/07\/c-p7190020_51320600687_o-1024x768.jpg\" alt=\"\" class=\"wp-image-427 size-full\" srcset=\"https:\/\/digging-for-life.net\/wp-content\/uploads\/2021\/07\/c-p7190020_51320600687_o-1024x768.jpg 1024w, https:\/\/digging-for-life.net\/wp-content\/uploads\/2021\/07\/c-p7190020_51320600687_o-300x225.jpg 300w, https:\/\/digging-for-life.net\/wp-content\/uploads\/2021\/07\/c-p7190020_51320600687_o-768x576.jpg 768w, https:\/\/digging-for-life.net\/wp-content\/uploads\/2021\/07\/c-p7190020_51320600687_o-1536x1152.jpg 1536w, https:\/\/digging-for-life.net\/wp-content\/uploads\/2021\/07\/c-p7190020_51320600687_o-2048x1536.jpg 2048w\" sizes=\"auto, (max-width: 1024px) 100vw, 1024px\" \/><\/figure><div class=\"wp-block-media-text__content\">\n<ul class=\"wp-block-list\"><li>Pressemitteilung vom 12.07.2021 <a rel=\"noreferrer noopener\" href=\"https:\/\/digging-for-life.net\/wp-content\/uploads\/2021\/07\/PM_Digging_for_Life_gegen-Atomwaffen.pdf\" data-type=\"URL\" data-id=\"https:\/\/digging-for-life.net\/wp-content\/uploads\/2021\/07\/PM_Digging_for_Life_gegen-Atomwaffen.pdf\" target=\"_blank\">gibt es hier<\/a><\/li><li>Die Aktion Digging for life wurde aufgrund der aktuellen nationalen Katastrophensituation abgesagt. Wir stehen aber weiterhin f\u00fcr die Abschaffung der Nuklearwaffen und werden dies am 19.07.2021 auch deutlich machen.<br>Pressemitteilung vom 18.07.2021 <a rel=\"noreferrer noopener\" href=\"https:\/\/digging-for-life.net\/wp-content\/uploads\/2021\/07\/AktionsPM-19.7.2021.pdf\" data-type=\"URL\" target=\"_blank\">gibt es hier<\/a><\/li><li>Drei Aktivist*innen festgenommen bei gewaltfreier Aktion am Atomwaffenstandort B\u00fcchel am 19. Juli \u2013 Tornados donnern \u00fcber die Menschen<br>Pressemitteilung vom 19,07,2021 <a rel=\"noreferrer noopener\" href=\"https:\/\/digging-for-life.net\/wp-content\/uploads\/2021\/07\/AktionsPM-19.7.21-aktuell.pdf\" data-type=\"URL\" data-id=\"https:\/\/digging-for-life.net\/wp-content\/uploads\/2021\/07\/AktionsPM-19.7.21-aktuell.pdf\" target=\"_blank\">gibt es hier<\/a><\/li><li>Einige Fotos gibt <a rel=\"noreferrer noopener\" href=\"https:\/\/www.flickr.com\/photos\/193481534@N02\/albums\/72157719557820786\" data-type=\"URL\" data-id=\"https:\/\/www.flickr.com\/photos\/193481534@N02\/albums\/72157719557820786\" target=\"_blank\">hier bei flickr<\/a> <\/li><\/ul>\n<\/div><\/div>\n\n\n\n<div style=\"height:12px\" aria-hidden=\"true\" class=\"wp-block-spacer\"><\/div>\n\n\n\n<p class=\"has-text-align-center has-nv-c-1-color has-nv-light-bg-background-color has-text-color has-background\" style=\"font-size:24px\"><strong>Wir scha(u)ffe(l)n am Frieden &#8211; zivil ungehorsam<\/strong><\/p>\n\n\n\n<div style=\"height:46px\" aria-hidden=\"true\" class=\"wp-block-spacer\"><\/div>\n\n\n\n<h2 class=\"has-neve-link-hover-color-background-color has-background has-large-font-size wp-block-heading\">Action idea for Buechel Air Base 2021 &#8211; English<\/h2>\n\n\n\n<p>We have an action idea and would like to invite you to participate on Monday, July 19, 2021 at 11 am at the B\u00fcchel nuclear weapons base with music, a picnic and an action of civil disobedience.<\/p>\n\n\n\n<div class=\"wp-block-columns is-layout-flex wp-container-core-columns-is-layout-9d6595d7 wp-block-columns-is-layout-flex\">\n<div class=\"wp-block-column is-layout-flow wp-block-column-is-layout-flow\" style=\"flex-basis:66.66%\">\n<p> At B\u00fcchel Air Base near Cochem on the Mosel River, about 20 U.S. nuclear bombs are stored, which NATO wants to replace in the coming years with new B61-12 bombs. Around the airbase there is a highly armed fence with surveillance cameras, motion sensors and a deep concrete foundation. The last Civil Disobedience actions deliberately cut through the perimeter fence. This time we don&#8217;t go through the fence, we go under it. We are digging under it, with the goal of getting to the runway to prevent the launching of Tornados there to practice nuclear war. <\/p>\n<\/div>\n\n\n\n<div class=\"wp-block-column is-layout-flow wp-block-column-is-layout-flow\" style=\"flex-basis:33.33%\">\n<figure class=\"wp-block-image size-large\"><img loading=\"lazy\" decoding=\"async\" width=\"936\" height=\"443\" src=\"https:\/\/digging-for-life.net\/wp-content\/uploads\/2021\/05\/banner-no-new-nukes2.png\" alt=\"\" class=\"wp-image-336\" srcset=\"https:\/\/digging-for-life.net\/wp-content\/uploads\/2021\/05\/banner-no-new-nukes2.png 936w, https:\/\/digging-for-life.net\/wp-content\/uploads\/2021\/05\/banner-no-new-nukes2-300x142.png 300w, https:\/\/digging-for-life.net\/wp-content\/uploads\/2021\/05\/banner-no-new-nukes2-768x363.png 768w\" sizes=\"auto, (max-width: 936px) 100vw, 936px\" \/><\/figure>\n<\/div>\n<\/div>\n\n\n\n<p>We have a vivid picture in front of our eyes, in which each and every one can go as far as their own determination allows. You can join in digging until the police asks you to stop and hand over your shovel to another, you can peacefully continue to dig until arrested, you can picnic near the diggers and be a witness and all of us can support the action by downloading and distributing the poster.&nbsp;<\/p>\n\n\n\n<p>This action is non-violent. The framework of action applies to all activists.<\/p>\n\n\n\n<p>During the preparation process and the action, it is important for us to treat Covid with respect. We will set up a hygiene plan. You will learn more about our anti-Covid concept after you have registered.<\/p>\n\n\n\n<div class=\"wp-block-media-text alignwide has-media-on-the-right is-stacked-on-mobile is-vertically-aligned-center\" style=\"grid-template-columns:auto 21%\"><figure class=\"wp-block-media-text__media\"><img loading=\"lazy\" decoding=\"async\" width=\"579\" height=\"788\" src=\"https:\/\/digging-for-life.net\/wp-content\/uploads\/2021\/05\/pink-shovel-website.jpg\" alt=\"\" class=\"wp-image-322 size-full\" srcset=\"https:\/\/digging-for-life.net\/wp-content\/uploads\/2021\/05\/pink-shovel-website.jpg 579w, https:\/\/digging-for-life.net\/wp-content\/uploads\/2021\/05\/pink-shovel-website-220x300.jpg 220w\" sizes=\"auto, (max-width: 579px) 100vw, 579px\" \/><\/figure><div class=\"wp-block-media-text__content\">\n<h3 class=\"has-text-align-left has-large-font-size wp-block-heading\">Digging<\/h3>\n\n\n\n<p> If you plan to join in for the digging, we ask you to arrive no later than Saturday July 17th 4 pm at the peace camp to get to know each other, do a nonviolence training, make affinity groups, paint shovels and other preparations. This action is part of the international week of action from 12 &#8211; 20 July of the campaign \u2018B\u00fcchel ist \u00fcberall! atomwaffenfrei.jetzt!\u2019, so you could also come earlier than Saturday to the peace camp. <\/p>\n<\/div><\/div>\n\n\n\n<div class=\"wp-block-media-text alignwide is-stacked-on-mobile\" style=\"grid-template-columns:35% auto\"><figure class=\"wp-block-media-text__media\"><img loading=\"lazy\" decoding=\"async\" width=\"799\" height=\"534\" src=\"https:\/\/digging-for-life.net\/wp-content\/uploads\/2021\/04\/buechel-schild2.jpg\" alt=\"\" class=\"wp-image-92 size-full\" srcset=\"https:\/\/digging-for-life.net\/wp-content\/uploads\/2021\/04\/buechel-schild2.jpg 799w, https:\/\/digging-for-life.net\/wp-content\/uploads\/2021\/04\/buechel-schild2-300x201.jpg 300w, https:\/\/digging-for-life.net\/wp-content\/uploads\/2021\/04\/buechel-schild2-768x513.jpg 768w\" sizes=\"auto, (max-width: 799px) 100vw, 799px\" \/><\/figure><div class=\"wp-block-media-text__content\">\n<h3 class=\"has-text-align-left wp-block-heading\">Picknick<\/h3>\n\n\n\n<p> There will also be people who will be there that day to express their protest against nuclear sharing and practicing for nuclear war. They will have a picnic in front of the fence in sight of the civil disobedient and thus enrich the life-affirming image on this day. If you would like to support the action in this way, you should be well equipped with delicious food (vegetarian-vegan if possible), a blanket and colorful banners and flags on site on Monday at 11 am. We are happy about any support of our action, e.g. with music or picnic, with documentation or reports. <\/p>\n<\/div><\/div>\n\n\n\n<div class=\"wp-block-media-text alignwide has-media-on-the-right is-stacked-on-mobile is-vertically-aligned-center\" style=\"grid-template-columns:auto 20%\"><figure class=\"wp-block-media-text__media\"><img loading=\"lazy\" decoding=\"async\" width=\"244\" height=\"237\" src=\"https:\/\/digging-for-life.net\/wp-content\/uploads\/2021\/05\/schaufel-pink2.png\" alt=\"\" class=\"wp-image-140 size-full\"\/><\/figure><div class=\"wp-block-media-text__content\">\n<h3 class=\"has-text-align-left wp-block-heading\"> Put up &amp; distribute the poster <\/h3>\n\n\n\n<p> All of us can support the action by downloading the poster here to print and post it at one\u2019s local organic shop, church, soup kitchen, window and to send it digitally onwards to one\u2019s friends.&nbsp; <\/p>\n\n\n\n<div class=\"wp-block-buttons is-layout-flex wp-block-buttons-is-layout-flex\">\n<div class=\"wp-block-button is-style-secondary\"><a class=\"wp-block-button__link has-neve-link-color-background-color has-background\" href=\"https:\/\/digging-for-life.net\/?page_id=289\">Printing<\/a><\/div>\n<\/div>\n<\/div><\/div>\n\n\n\n<div class=\"wp-block-media-text alignwide is-stacked-on-mobile is-vertically-aligned-center\" style=\"grid-template-columns:22% auto\"><figure class=\"wp-block-media-text__media\"><img loading=\"lazy\" decoding=\"async\" width=\"916\" height=\"834\" src=\"https:\/\/digging-for-life.net\/wp-content\/uploads\/2021\/04\/rosa-schaufeln.jpg\" alt=\"\" class=\"wp-image-97 size-full\" srcset=\"https:\/\/digging-for-life.net\/wp-content\/uploads\/2021\/04\/rosa-schaufeln.jpg 916w, https:\/\/digging-for-life.net\/wp-content\/uploads\/2021\/04\/rosa-schaufeln-300x273.jpg 300w, https:\/\/digging-for-life.net\/wp-content\/uploads\/2021\/04\/rosa-schaufeln-768x699.jpg 768w\" sizes=\"auto, (max-width: 916px) 100vw, 916px\" \/><\/figure><div class=\"wp-block-media-text__content\">\n<h3 class=\"has-text-align-left wp-block-heading\">Send shovels<\/h3>\n\n\n\n<p>You can&#8217;t be there in July, but would like to support us? Then send us your pink shovels in advance, e.g. with a peace message. We will be happy to use these shovels at B\u00fcchel Air Base!<\/p>\n<\/div><\/div>\n\n\n\n<div style=\"height:31px\" aria-hidden=\"true\" class=\"wp-block-spacer\"><\/div>\n\n\n\n<p class=\"has-text-align-center has-neve-link-color-color has-nv-c-1-background-color has-text-color has-background\" style=\"font-size:22px\"><strong>We will dig for life &#8211; civil disobedient &#8211; with you<\/strong> <strong>?<\/strong><\/p>\n","protected":false},"excerpt":{"rendered":"<p>Stoppt die n\u00e4chste Katastrophe \u2013 Atomwaffen abschaffen! Stop the next catastrophe: No Nukes! Gewaltfreie Aktion am Atomwaffenstandort B\u00fcchel am 19. Juli 2021 In den Tagen vor unserem Aktionstag begann die Hochwasserkatastrophe, auch in direkter N\u00e4he im Ahrtal. Wir haben uns deshalb entschlossen, vom 15. bis 18. Juli keinen Zivilen Ungehorsam zu leisten und teilten dies&hellip;&nbsp;<a href=\"https:\/\/digging-for-life.net\/?page_id=458\" class=\"\" rel=\"bookmark\">Weiterlesen &raquo;<span class=\"screen-reader-text\">B\u00fcchel 2021<\/span><\/a><\/p>\n","protected":false},"author":1,"featured_media":0,"parent":0,"menu_order":0,"comment_status":"closed","ping_status":"closed","template":"","meta":{"neve_meta_sidebar":"full-width","neve_meta_container":"","neve_meta_enable_content_width":"on","neve_meta_content_width":100,"neve_meta_title_alignment":"","neve_meta_author_avatar":"","neve_post_elements_order":"","neve_meta_disable_header":"","neve_meta_disable_footer":"","neve_meta_disable_title":"","footnotes":""},"class_list":["post-458","page","type-page","status-publish","hentry"],"_links":{"self":[{"href":"https:\/\/digging-for-life.net\/index.php?rest_route=\/wp\/v2\/pages\/458","targetHints":{"allow":["GET"]}}],"collection":[{"href":"https:\/\/digging-for-life.net\/index.php?rest_route=\/wp\/v2\/pages"}],"about":[{"href":"https:\/\/digging-for-life.net\/index.php?rest_route=\/wp\/v2\/types\/page"}],"author":[{"embeddable":true,"href":"https:\/\/digging-for-life.net\/index.php?rest_route=\/wp\/v2\/users\/1"}],"replies":[{"embeddable":true,"href":"https:\/\/digging-for-life.net\/index.php?rest_route=%2Fwp%2Fv2%2Fcomments&post=458"}],"version-history":[{"count":14,"href":"https:\/\/digging-for-life.net\/index.php?rest_route=\/wp\/v2\/pages\/458\/revisions"}],"predecessor-version":[{"id":578,"href":"https:\/\/digging-for-life.net\/index.php?rest_route=\/wp\/v2\/pages\/458\/revisions\/578"}],"wp:attachment":[{"href":"https:\/\/digging-for-life.net\/index.php?rest_route=%2Fwp%2Fv2%2Fmedia&parent=458"}],"curies":[{"name":"wp","href":"https:\/\/api.w.org\/{rel}","templated":true}]}}