{"id":49,"date":"2021-04-28T04:40:13","date_gmt":"2021-04-28T04:40:13","guid":{"rendered":"https:\/\/digging-for-life.net\/?page_id=49"},"modified":"2022-08-05T12:23:37","modified_gmt":"2022-08-05T12:23:37","slug":"gewaltfrei","status":"publish","type":"page","link":"https:\/\/digging-for-life.net\/?page_id=49","title":{"rendered":"Gewaltfreiheit"},"content":{"rendered":"\n<p><\/p>\n\n\n\n<div class=\"wp-block-cover alignfull\" style=\"min-height:158px;aspect-ratio:unset;\"><span aria-hidden=\"true\" class=\"wp-block-cover__background has-nv-light-bg-background-color has-background-dim-100 has-background-dim\"><\/span><div class=\"wp-block-cover__inner-container is-layout-flow wp-block-cover-is-layout-flow\">\n<h1 class=\"has-text-align-left has-neve-text-color-color has-text-color has-x-large-font-size wp-block-heading\">Aktionsrahmen Gewaltfreiheit<\/h1>\n<\/div><\/div>\n\n\n\n<div class=\"wp-block-cover alignfull\" style=\"min-height:789px;aspect-ratio:unset;\"><span aria-hidden=\"true\" class=\"wp-block-cover__background has-nv-site-bg-background-color has-background-dim-100 has-background-dim\"><\/span><div class=\"wp-block-cover__inner-container is-layout-flow wp-block-cover-is-layout-flow\">\n<div style=\"height:1px\" aria-hidden=\"true\" class=\"wp-block-spacer\"><\/div>\n\n\n\n<div class=\"wp-block-columns is-layout-flex wp-container-core-columns-is-layout-9d6595d7 wp-block-columns-is-layout-flex\">\n<div class=\"wp-block-column is-layout-flow wp-block-column-is-layout-flow\"><div class=\"wp-block-image\">\n<figure class=\"aligncenter size-large is-resized\"><img loading=\"lazy\" decoding=\"async\" src=\"https:\/\/digging-for-life.net\/wp-content\/uploads\/2021\/04\/peace-flags-2-1024x683.jpg\" alt=\"\" class=\"wp-image-38\" width=\"446\" height=\"297\" srcset=\"https:\/\/digging-for-life.net\/wp-content\/uploads\/2021\/04\/peace-flags-2-1024x683.jpg 1024w, https:\/\/digging-for-life.net\/wp-content\/uploads\/2021\/04\/peace-flags-2-300x200.jpg 300w, https:\/\/digging-for-life.net\/wp-content\/uploads\/2021\/04\/peace-flags-2-768x512.jpg 768w, https:\/\/digging-for-life.net\/wp-content\/uploads\/2021\/04\/peace-flags-2-1536x1024.jpg 1536w, https:\/\/digging-for-life.net\/wp-content\/uploads\/2021\/04\/peace-flags-2-930x620.jpg 930w, https:\/\/digging-for-life.net\/wp-content\/uploads\/2021\/04\/peace-flags-2.jpg 2048w\" sizes=\"auto, (max-width: 446px) 100vw, 446px\" \/><\/figure>\n<\/div>\n\n\n<p class=\"has-neve-text-color-color has-text-color\">Unter Zivilem Ungehorsam verstehen wir gewaltfreie Aktionen, bei denen wir uns nicht auf staatlich erlaubte Handlungen beschr\u00e4nken, sondern in besonnener Art und Weise bestimmte Verbote \u00fcbertreten. Hierbei wird eine juristische Verfolgung wegen des Vorwurfs, eine Ordnungswidrigkeit oder eine Straftat begangen zu haben, riskiert oder sogar mit voller Absicht provoziert. Damit wird der Ernsthaftigkeit unseres Protests gegen skandal\u00f6se Zust\u00e4nde besonderer Nachdruck verliehen.<\/p>\n<\/div>\n\n\n\n<div class=\"wp-block-column is-layout-flow wp-block-column-is-layout-flow\">\n<h2 class=\"has-neve-text-color-color has-text-color wp-block-heading\">Ziviler Ungehorsam<\/h2>\n\n\n<div class=\"wp-block-image\">\n<figure class=\"aligncenter size-large is-resized\"><img loading=\"lazy\" decoding=\"async\" src=\"https:\/\/digging-for-life.net\/wp-content\/uploads\/2021\/04\/peace-flags-1024x683.jpg\" alt=\"\" class=\"wp-image-40\" width=\"435\" height=\"290\" srcset=\"https:\/\/digging-for-life.net\/wp-content\/uploads\/2021\/04\/peace-flags-1024x683.jpg 1024w, https:\/\/digging-for-life.net\/wp-content\/uploads\/2021\/04\/peace-flags-300x200.jpg 300w, https:\/\/digging-for-life.net\/wp-content\/uploads\/2021\/04\/peace-flags-768x512.jpg 768w, https:\/\/digging-for-life.net\/wp-content\/uploads\/2021\/04\/peace-flags-1536x1024.jpg 1536w, https:\/\/digging-for-life.net\/wp-content\/uploads\/2021\/04\/peace-flags-930x620.jpg 930w, https:\/\/digging-for-life.net\/wp-content\/uploads\/2021\/04\/peace-flags.jpg 2048w\" sizes=\"auto, (max-width: 435px) 100vw, 435px\" \/><\/figure>\n<\/div><\/div>\n<\/div>\n\n\n\n<div style=\"height:0px\" aria-hidden=\"true\" class=\"wp-block-spacer\"><\/div>\n\n\n\n<p><\/p>\n<\/div><\/div>\n\n\n\n<div class=\"wp-block-cover alignfull\"><span aria-hidden=\"true\" class=\"wp-block-cover__background has-nv-light-bg-background-color has-background-dim-100 has-background-dim\"><\/span><div class=\"wp-block-cover__inner-container is-layout-flow wp-block-cover-is-layout-flow\">\n<div class=\"wp-block-columns is-layout-flex wp-container-core-columns-is-layout-9d6595d7 wp-block-columns-is-layout-flex\">\n<div class=\"wp-block-column is-layout-flow wp-block-column-is-layout-flow\"><div class=\"wp-block-image is-style-rounded\">\n<figure class=\"aligncenter size-large is-resized\"><img loading=\"lazy\" decoding=\"async\" src=\"https:\/\/digging-for-life.net\/wp-content\/uploads\/2021\/05\/schaufel-pink2.png\" alt=\"\" class=\"wp-image-140\" width=\"170\" height=\"165\"\/><\/figure>\n<\/div>\n\n\n<h3 class=\"has-text-align-center has-neve-text-color-color has-text-color wp-block-heading\"><\/h3>\n\n\n\n<p class=\"has-text-align-center has-neve-text-color-color has-text-color\">Wir werden dabei keine k\u00f6rperliche Gewalt gegen Personen anwenden oder androhen und auch niemanden beschimpfen, verh\u00f6hnen oder abwerten, sondern unser Gegen\u00fcber (Polizist*innen, Soldat*innen, Gegner*innen unserer Aktionen) als Menschen achten, auch wenn wir ihr Handeln und ihre Rolle kritisieren.<\/p>\n<\/div>\n\n\n\n<div class=\"wp-block-column is-layout-flow wp-block-column-is-layout-flow\"><div class=\"wp-block-image is-style-rounded\">\n<figure class=\"aligncenter size-large is-resized\"><img loading=\"lazy\" decoding=\"async\" src=\"https:\/\/digging-for-life.net\/wp-content\/uploads\/2021\/05\/schaufel-pink3.png\" alt=\"\" class=\"wp-image-141\" width=\"182\" height=\"171\" srcset=\"https:\/\/digging-for-life.net\/wp-content\/uploads\/2021\/05\/schaufel-pink3.png 310w, https:\/\/digging-for-life.net\/wp-content\/uploads\/2021\/05\/schaufel-pink3-300x282.png 300w\" sizes=\"auto, (max-width: 182px) 100vw, 182px\" \/><\/figure>\n<\/div>\n\n\n<h3 class=\"has-text-align-center has-neve-text-color-color has-text-color wp-block-heading\"><\/h3>\n\n\n\n<p class=\"has-text-align-center has-neve-text-color-color has-text-color\">Dies gilt auch f\u00fcr den Fall, dass es zu juristischen Verfahren in Folge unserer Aktionen kommen sollte: Wir wollen auch mit Staatsanw\u00e4lt*innen und Richter*innen respektvoll umgehen.<\/p>\n<\/div>\n\n\n\n<div class=\"wp-block-column is-layout-flow wp-block-column-is-layout-flow\"><div class=\"wp-block-image is-style-rounded\">\n<figure class=\"aligncenter size-large is-resized\"><img loading=\"lazy\" decoding=\"async\" src=\"https:\/\/digging-for-life.net\/wp-content\/uploads\/2021\/05\/schaufel-pink1.png\" alt=\"\" class=\"wp-image-139\" width=\"181\" height=\"163\"\/><\/figure>\n<\/div>\n\n\n<h3 class=\"has-text-align-center has-neve-text-color-color has-text-color wp-block-heading\"><\/h3>\n\n\n\n<p class=\"has-text-align-center has-neve-text-color-color has-text-color\">Gewaltfreies Verhalten ist eine glaubw\u00fcrdige Einladung an unser Gegen\u00fcber, von der M\u00f6glichkeit Gewalt anzuwenden, keinen Gebrauch zu machen, sondern unser Anliegen wohlwollend zu betrachten. Gewaltfreies Verhalten unsererseits ist aber keine Garantie daf\u00fcr, dass wir selbst keine Gewalt erleiden m\u00fcssen. Wir wollen auch dann, wenn wir provoziert werden, keine Gegengewalt anwenden, sondern ruhig und besonnen bleiben.<\/p>\n<\/div>\n<\/div>\n<\/div><\/div>\n\n\n\n<p class=\"has-text-align-center has-neve-link-color-color has-text-color has-background\" style=\"background-color:#f56a9d;font-size:24px\"><strong> Wir werden in diesem Sinne gemeinsam, freudevoll und gewaltfrei <strong>scha<\/strong>(u)<strong>ffe<\/strong>(l)<strong>n<\/strong> f\u00fcr Frieden. <\/strong><\/p>\n","protected":false},"excerpt":{"rendered":"<p>Wir werden in diesem Sinne gemeinsam, freudevoll und gewaltfrei scha(u)ffe(l)n f\u00fcr Frieden.<\/p>\n","protected":false},"author":1,"featured_media":0,"parent":0,"menu_order":0,"comment_status":"closed","ping_status":"closed","template":"","meta":{"neve_meta_sidebar":"full-width","neve_meta_container":"contained","neve_meta_enable_content_width":"on","neve_meta_content_width":90,"neve_meta_title_alignment":"","neve_meta_author_avatar":"","neve_post_elements_order":"","neve_meta_disable_header":"off","neve_meta_disable_footer":"","neve_meta_disable_title":"on","footnotes":""},"class_list":["post-49","page","type-page","status-publish","hentry"],"_links":{"self":[{"href":"https:\/\/digging-for-life.net\/index.php?rest_route=\/wp\/v2\/pages\/49","targetHints":{"allow":["GET"]}}],"collection":[{"href":"https:\/\/digging-for-life.net\/index.php?rest_route=\/wp\/v2\/pages"}],"about":[{"href":"https:\/\/digging-for-life.net\/index.php?rest_route=\/wp\/v2\/types\/page"}],"author":[{"embeddable":true,"href":"https:\/\/digging-for-life.net\/index.php?rest_route=\/wp\/v2\/users\/1"}],"replies":[{"embeddable":true,"href":"https:\/\/digging-for-life.net\/index.php?rest_route=%2Fwp%2Fv2%2Fcomments&post=49"}],"version-history":[{"count":14,"href":"https:\/\/digging-for-life.net\/index.php?rest_route=\/wp\/v2\/pages\/49\/revisions"}],"predecessor-version":[{"id":535,"href":"https:\/\/digging-for-life.net\/index.php?rest_route=\/wp\/v2\/pages\/49\/revisions\/535"}],"wp:attachment":[{"href":"https:\/\/digging-for-life.net\/index.php?rest_route=%2Fwp%2Fv2%2Fmedia&parent=49"}],"curies":[{"name":"wp","href":"https:\/\/api.w.org\/{rel}","templated":true}]}}